{"id":225,"date":"2023-08-08T18:31:32","date_gmt":"2023-08-08T21:31:32","guid":{"rendered":"https:\/\/adm.org.ar\/newsite\/?page_id=225"},"modified":"2024-07-25T11:02:28","modified_gmt":"2024-07-25T14:02:28","slug":"certificado-unico-de-discapacidad","status":"publish","type":"page","link":"https:\/\/adm.org.ar\/newsite\/certificado-unico-de-discapacidad\/","title":{"rendered":"Certificado \u00danico de Discapacidad (CUD)"},"content":{"rendered":"\t\t<div data-elementor-type=\"wp-page\" data-elementor-id=\"225\" class=\"elementor elementor-225\" data-elementor-post-type=\"page\">\n\t\t\t\t\t\t<section class=\"elementor-section elementor-top-section elementor-element elementor-element-5d9c01a elementor-section-boxed elementor-section-height-default elementor-section-height-default\" data-id=\"5d9c01a\" data-element_type=\"section\" data-e-type=\"section\">\n\t\t\t\t\t\t<div class=\"elementor-container elementor-column-gap-default\">\n\t\t\t\t\t<div class=\"elementor-column elementor-col-100 elementor-top-column elementor-element elementor-element-ed55afa\" data-id=\"ed55afa\" data-element_type=\"column\" data-e-type=\"column\">\n\t\t\t<div class=\"elementor-widget-wrap elementor-element-populated\">\n\t\t\t\t\t\t<div class=\"elementor-element elementor-element-10f5294 elementor-widget elementor-widget-heading\" data-id=\"10f5294\" data-element_type=\"widget\" data-e-type=\"widget\" data-widget_type=\"heading.default\">\n\t\t\t\t<div class=\"elementor-widget-container\">\n\t\t\t\t\t<h2 class=\"elementor-heading-title elementor-size-default\">Certificado \u00danico de Discapacidad (CUD)<\/h2>\t\t\t\t<\/div>\n\t\t\t\t<\/div>\n\t\t\t\t<div class=\"elementor-element elementor-element-d9062c4 elementor-widget elementor-widget-text-editor\" data-id=\"d9062c4\" data-element_type=\"widget\" data-e-type=\"widget\" data-widget_type=\"text-editor.default\">\n\t\t\t\t<div class=\"elementor-widget-container\">\n\t\t\t\t\t\t\t\t\t<p><strong>\u00bfQu\u00e9 es un Certificado \u00danico de Discapacidad C.U.D?<\/strong><\/p><p><span style=\"font-weight: 400;\">Es un documento oficial emitido por autoridades de salud, que certifica la discapacidad de una persona.<\/span><\/p><p><span style=\"font-weight: 400;\">Este documento es fundamental para acceder a una serie de derechos, servicios y prestaciones destinados a mejorar la calidad de vida de las personas con discapacidad previstas en las Leyes Nacionales N\u00ba 22.431 y N\u00ba 24.901.<br \/><br \/><\/span><\/p><p><strong>\u00bfC\u00f3mo es el tr\u00e1mite?<\/strong><\/p><p><span style=\"font-weight: 400;\">El tr\u00e1mite es voluntario y gratuito.<\/span><\/p><p><span style=\"font-weight: 400;\">Deb\u00e9s acercarte a tu m\u00e9dico para que complete la informaci\u00f3n de tu situaci\u00f3n de salud y luego se debe asistir a una evaluaci\u00f3n interdisciplinaria en la que los profesionales deciden la emisi\u00f3n o no del CUD, de acuerdo a las normativas vigentes de certificaci\u00f3n de discapacidad.<\/span><\/p><p><span style=\"font-weight: 400;\"><br \/><\/span><strong>\u00bfD\u00f3nde se tramita?<\/strong><\/p><p><span style=\"font-weight: 400;\">La gesti\u00f3n var\u00eda seg\u00fan la localidad de acuerdo al domicilio que figura en el DNI de la personas. Recomendamos consultar los siguientes links para averiguar el suyo:<\/span><\/p><p><a href=\"https:\/\/www.argentina.gob.ar\/como-obtener-el-certificado-unico-de-discapacidad-cud\"><span style=\"font-weight: 400;\">https:\/\/www.argentina.gob.ar\/como-obtener-el-certificado-unico-de-discapacidad-cud<\/span><\/a><\/p><p><a href=\"https:\/\/www.argentina.gob.ar\/cud\/consulta-de-requisitos-para-tramitar-el-cud\"><span style=\"font-weight: 400;\">https:\/\/www.argentina.gob.ar\/cud\/consulta-de-requisitos-para-tramitar-el-cud<\/span><\/a><\/p><p><span style=\"font-weight: 400;\"><br \/><\/span><strong>\u00bfPara qu\u00e9 me sirve el Certificado \u00danico de Discapacidad?<\/strong><\/p><p><span style=\"font-weight: 400;\">El Certificado de Discapacidad es un Documento P\u00fablico que brinda la cobertura de las Leyes N\u00ba 22.431 y N\u00ba 24.901, las que instituyen un sistema de prestaciones b\u00e1sicas de atenci\u00f3n integral a favor de las personas con discapacidad, contemplando acciones de prevenci\u00f3n, asistencia, promoci\u00f3n y protecci\u00f3n, con el objeto de brindarles una cobertura integral a sus necesidades y requerimientos.<\/span><\/p><p><span style=\"font-weight: 400;\">Derechos establecidos en la legislaci\u00f3n vigente:<\/span><\/p><ul><li style=\"font-weight: 400;\" aria-level=\"1\"><span style=\"font-weight: 400;\">Salud: cobertura del 100% en las prestaciones de rehabilitaci\u00f3n (medicamentos, equipamiento, tratamientos) que requiera en relaci\u00f3n a lo que fue certificado como discapacidad.<\/span><\/li><li style=\"font-weight: 400;\" aria-level=\"1\"><span style=\"font-weight: 400;\">Transporte: traslados gratuitos en el transporte p\u00fablico terrestre.<\/span><\/li><li style=\"font-weight: 400;\" aria-level=\"1\"><span style=\"font-weight: 400;\">Asignaciones familiares: ayuda escolar anual por hijo con discapacidad, asignaci\u00f3n familiar por hijo con discapacidad, asignaci\u00f3n por conyugue con discapacidad.<\/span><\/li><li style=\"font-weight: 400;\" aria-level=\"1\"><span style=\"font-weight: 400;\">Otros tr\u00e1mites: exenci\u00f3n de pago de peajes, impuestos (municipales, patentes, entre otros). En estos casos la exenci\u00f3n debe solicitarse ante la autoridad de aplicaci\u00f3n de cada normativa.<\/span><\/li><li style=\"font-weight: 400;\" aria-level=\"1\"><span style=\"font-weight: 400;\">S\u00edmbolo Internacional de acceso: libre estacionamiento, en los lugares permitidos, independientemente del veh\u00edculo en el que te traslades.\u00a0<\/span><\/li><\/ul><p><span style=\"font-weight: 400;\">Es importante remarcar que en algunos casos, luego de haber obtenido el CUD, para poder acceder a estas prestaciones hay que realizar otros tr\u00e1mites.<br \/><br \/><\/span><\/p><p><strong>\u00bfExiste una versi\u00f3n digital del Certificado \u00danico de Discapacidad?<\/strong><\/p><p><span style=\"font-weight: 400;\">Seg\u00fan la <\/span><a href=\"https:\/\/www.boletinoficial.gob.ar\/detalleAviso\/primera\/253881\/20211203\"><span style=\"font-weight: 400;\">Resoluci\u00f3n 2008\/2021<\/span><\/a><span style=\"font-weight: 400;\"> habilita el Certificado \u00danico de Discapacidad (CUD) en formato digital, que tiene la misma validez que el documento f\u00edsico. En su primer art\u00edculo, esta publicaci\u00f3n espec\u00edfica:\u00a0<\/span><\/p><p><span style=\"font-weight: 400;\">ART\u00cdCULO 1.- Apru\u00e9bese el Certificado \u00danico de Discapacidad (CUD) en formato digital, el cual ser\u00e1 complementario al documento f\u00edsico y tendr\u00e1 la misma validez legal, vigencia y eficacia.<\/span><\/p><p><span style=\"font-weight: 400;\">El CUD digital entr\u00f3 en vigencia el 2 de diciembre del 2021 y puede descargarse en la app \u00abMi Argentina\u00bb o del mismo sitio web. Adem\u00e1s, contiene un c\u00f3digo QR que, al escanearlo, se accede al sistema de la Agencia Nacional de Discapacidad (ANDIS) con los datos completos del CUD para fiscalizar.<\/span><\/p><p><span style=\"font-weight: 400;\"><br \/><\/span><strong>\u00bfEl Certificado de Discapacidad indica el Grado de Discapacidad o Incapacidad?<\/strong><\/p><p><span style=\"font-weight: 400;\">No, el Certificado de Discapacidad no acredita el grado por incapacidad. Como su nombre lo indica, es un documento que acredita que la persona tiene una discapacidad y el Estado Nacional debe velar por los beneficios que el mismo le concede.<\/span><\/p><p><span style=\"font-weight: 400;\"><br \/><\/span><strong>\u00bfEl Certificado de Discapacidad tiene vencimiento?<\/strong><\/p><p><span style=\"font-weight: 400;\">Seg\u00fan la <\/span><a href=\"https:\/\/www.boletinoficial.gob.ar\/detalleAviso\/primera\/282119\/20230306\"><span style=\"font-weight: 400;\">Resoluci\u00f3n 322\/2023<\/span><\/a><span style=\"font-weight: 400;\"> publicada en el Bolet\u00edn Oficial el pasado viernes 6 de marzo, por parte de la Agencia Nacional de Discapacidad (ANDIS) estableci\u00f3 que los Certificados \u00danicos de Discapacidad (CUD) se otorgar\u00e1n sin sujeci\u00f3n a plazo temporal alguno, manteniendo plena vigencia y validez mientras que los criterios certificantes se mantengan, tanto en su versi\u00f3n f\u00edsica como digital.<\/span><\/p><p><span style=\"font-weight: 400;\">Es decir, \u00e9sta nueva resoluci\u00f3n propone un cambio de modalidad ya que no habr\u00e1 que renovar el CUD sino s\u00f3lo actualizarlo.\u00a0<\/span><\/p><p><span style=\"font-weight: 400;\">La resoluci\u00f3n informa que junto a la emisi\u00f3n sin vencimiento, el Estado se encargar\u00e1 de acompa\u00f1ar a las personas que posean el CUD con instancias de actualizaci\u00f3n de la informaci\u00f3n con una periodicidad de entre 5 y 15 a\u00f1os. Los tiempos de estas actualizaciones obligatorias estar\u00e1n indicados en el mismo CUD. En todos los casos, se realizar\u00e1 desde la certificaci\u00f3n inicial (o de la instancia de actualizaci\u00f3n) mediante un contacto y acercamiento fehaciente. Pod\u00e9s conocer los detalles de este nuevo sistema en el anexo a la resoluci\u00f3n.\u00a0<\/span><\/p><p><span style=\"font-weight: 400;\"><br \/><\/span><strong>M\u00e1s informaci\u00f3n<\/strong><\/p><p><span style=\"font-weight: 400;\">Si dese\u00e1s obtener m\u00e1s informaci\u00f3n sobre el CUD o alguna otra gesti\u00f3n pod\u00e9s escribirnos a <\/span><span style=\"font-weight: 400;\">info@adm.org.ar<\/span><span style=\"font-weight: 400;\"> o v\u00eda <\/span><span style=\"font-weight: 400;\">whatsapp<\/span><span style=\"font-weight: 400;\"> (+54 9 11 5663-7468) con una breve descripci\u00f3n as\u00ed sabemos c\u00f3mo acompa\u00f1arte mejor.<\/span><\/p>\t\t\t\t\t\t\t\t<\/div>\n\t\t\t\t<\/div>\n\t\t\t\t\t<\/div>\n\t\t<\/div>\n\t\t\t\t\t<\/div>\n\t\t<\/section>\n\t\t\t\t<\/div>\n\t\t","protected":false},"excerpt":{"rendered":"<p>Certificado \u00danico de Discapacidad (CUD) \u00bfQu\u00e9 es un Certificado \u00danico de Discapacidad C.U.D? Es un documento oficial emitido por autoridades de salud, que certifica la discapacidad de una persona. Este documento es fundamental para acceder a una serie de derechos, servicios y prestaciones destinados a mejorar la calidad de vida de las personas con discapacidad [&hellip;]<\/p>\n","protected":false},"author":2,"featured_media":0,"parent":0,"menu_order":0,"comment_status":"closed","ping_status":"closed","template":"","meta":{"_joinchat":[],"footnotes":""},"class_list":["post-225","page","type-page","status-publish","hentry"],"yoast_head":"<!-- This site is optimized with the Yoast SEO plugin v27.1.1 - https:\/\/yoast.com\/product\/yoast-seo-wordpress\/ -->\n<title>Certificado \u00danico de Discapacidad (CUD) - ADM Argentina<\/title>\n<meta name=\"robots\" content=\"index, follow, max-snippet:-1, max-image-preview:large, max-video-preview:-1\" \/>\n<link rel=\"canonical\" href=\"https:\/\/adm.org.ar\/newsite\/certificado-unico-de-discapacidad\/\" \/>\n<meta property=\"og:locale\" content=\"es_ES\" \/>\n<meta property=\"og:type\" content=\"article\" \/>\n<meta property=\"og:title\" content=\"Certificado \u00danico de Discapacidad (CUD) - ADM Argentina\" \/>\n<meta property=\"og:description\" content=\"Certificado \u00danico de Discapacidad (CUD) \u00bfQu\u00e9 es un Certificado \u00danico de Discapacidad C.U.D? Es un documento oficial emitido por autoridades de salud, que certifica la discapacidad de una persona. Este documento es fundamental para acceder a una serie de derechos, servicios y prestaciones destinados a mejorar la calidad de vida de las personas con discapacidad [&hellip;]\" \/>\n<meta property=\"og:url\" content=\"https:\/\/adm.org.ar\/newsite\/certificado-unico-de-discapacidad\/\" \/>\n<meta property=\"og:site_name\" content=\"ADM Argentina\" \/>\n<meta property=\"article:publisher\" content=\"https:\/\/www.facebook.com\/adm.argentina\" \/>\n<meta property=\"article:modified_time\" content=\"2024-07-25T14:02:28+00:00\" \/>\n<meta name=\"twitter:card\" content=\"summary_large_image\" \/>\n<meta name=\"twitter:label1\" content=\"Tiempo de lectura\" \/>\n\t<meta name=\"twitter:data1\" content=\"4 minutos\" \/>\n<script type=\"application\/ld+json\" class=\"yoast-schema-graph\">{\"@context\":\"https:\/\/schema.org\",\"@graph\":[{\"@type\":\"WebPage\",\"@id\":\"https:\/\/adm.org.ar\/newsite\/certificado-unico-de-discapacidad\/\",\"url\":\"https:\/\/adm.org.ar\/newsite\/certificado-unico-de-discapacidad\/\",\"name\":\"Certificado \u00danico de Discapacidad (CUD) - ADM Argentina\",\"isPartOf\":{\"@id\":\"https:\/\/adm.org.ar\/newsite\/#website\"},\"datePublished\":\"2023-08-08T21:31:32+00:00\",\"dateModified\":\"2024-07-25T14:02:28+00:00\",\"breadcrumb\":{\"@id\":\"https:\/\/adm.org.ar\/newsite\/certificado-unico-de-discapacidad\/#breadcrumb\"},\"inLanguage\":\"es-AR\",\"potentialAction\":[{\"@type\":\"ReadAction\",\"target\":[\"https:\/\/adm.org.ar\/newsite\/certificado-unico-de-discapacidad\/\"]}]},{\"@type\":\"BreadcrumbList\",\"@id\":\"https:\/\/adm.org.ar\/newsite\/certificado-unico-de-discapacidad\/#breadcrumb\",\"itemListElement\":[{\"@type\":\"ListItem\",\"position\":1,\"name\":\"Inicio\",\"item\":\"https:\/\/adm.org.ar\/newsite\/\"},{\"@type\":\"ListItem\",\"position\":2,\"name\":\"Certificado \u00danico de Discapacidad (CUD)\"}]},{\"@type\":\"WebSite\",\"@id\":\"https:\/\/adm.org.ar\/newsite\/#website\",\"url\":\"https:\/\/adm.org.ar\/newsite\/\",\"name\":\"ADM Argentina\",\"description\":\"ADM Argentina\",\"publisher\":{\"@id\":\"https:\/\/adm.org.ar\/newsite\/#organization\"},\"potentialAction\":[{\"@type\":\"SearchAction\",\"target\":{\"@type\":\"EntryPoint\",\"urlTemplate\":\"https:\/\/adm.org.ar\/newsite\/?s={search_term_string}\"},\"query-input\":{\"@type\":\"PropertyValueSpecification\",\"valueRequired\":true,\"valueName\":\"search_term_string\"}}],\"inLanguage\":\"es-AR\"},{\"@type\":\"Organization\",\"@id\":\"https:\/\/adm.org.ar\/newsite\/#organization\",\"name\":\"ADM Argentina\",\"url\":\"https:\/\/adm.org.ar\/newsite\/\",\"logo\":{\"@type\":\"ImageObject\",\"inLanguage\":\"es-AR\",\"@id\":\"https:\/\/adm.org.ar\/newsite\/#\/schema\/logo\/image\/\",\"url\":\"https:\/\/adm.org.ar\/newsite\/wp-content\/uploads\/2023\/08\/ADM_Logo_2021.png\",\"contentUrl\":\"https:\/\/adm.org.ar\/newsite\/wp-content\/uploads\/2023\/08\/ADM_Logo_2021.png\",\"width\":882,\"height\":340,\"caption\":\"ADM Argentina\"},\"image\":{\"@id\":\"https:\/\/adm.org.ar\/newsite\/#\/schema\/logo\/image\/\"},\"sameAs\":[\"https:\/\/www.facebook.com\/adm.argentina\",\"https:\/\/www.youtube.com\/user\/admargentina\",\"https:\/\/www.instagram.com\/asociacion.distrofia.muscular\"]}]}<\/script>\n<!-- \/ Yoast SEO plugin. -->","yoast_head_json":{"title":"Certificado \u00danico de Discapacidad (CUD) - ADM Argentina","robots":{"index":"index","follow":"follow","max-snippet":"max-snippet:-1","max-image-preview":"max-image-preview:large","max-video-preview":"max-video-preview:-1"},"canonical":"https:\/\/adm.org.ar\/newsite\/certificado-unico-de-discapacidad\/","og_locale":"es_ES","og_type":"article","og_title":"Certificado \u00danico de Discapacidad (CUD) - ADM Argentina","og_description":"Certificado \u00danico de Discapacidad (CUD) \u00bfQu\u00e9 es un Certificado \u00danico de Discapacidad C.U.D? Es un documento oficial emitido por autoridades de salud, que certifica la discapacidad de una persona. Este documento es fundamental para acceder a una serie de derechos, servicios y prestaciones destinados a mejorar la calidad de vida de las personas con discapacidad [&hellip;]","og_url":"https:\/\/adm.org.ar\/newsite\/certificado-unico-de-discapacidad\/","og_site_name":"ADM Argentina","article_publisher":"https:\/\/www.facebook.com\/adm.argentina","article_modified_time":"2024-07-25T14:02:28+00:00","twitter_card":"summary_large_image","twitter_misc":{"Tiempo de lectura":"4 minutos"},"schema":{"@context":"https:\/\/schema.org","@graph":[{"@type":"WebPage","@id":"https:\/\/adm.org.ar\/newsite\/certificado-unico-de-discapacidad\/","url":"https:\/\/adm.org.ar\/newsite\/certificado-unico-de-discapacidad\/","name":"Certificado \u00danico de Discapacidad (CUD) - ADM Argentina","isPartOf":{"@id":"https:\/\/adm.org.ar\/newsite\/#website"},"datePublished":"2023-08-08T21:31:32+00:00","dateModified":"2024-07-25T14:02:28+00:00","breadcrumb":{"@id":"https:\/\/adm.org.ar\/newsite\/certificado-unico-de-discapacidad\/#breadcrumb"},"inLanguage":"es-AR","potentialAction":[{"@type":"ReadAction","target":["https:\/\/adm.org.ar\/newsite\/certificado-unico-de-discapacidad\/"]}]},{"@type":"BreadcrumbList","@id":"https:\/\/adm.org.ar\/newsite\/certificado-unico-de-discapacidad\/#breadcrumb","itemListElement":[{"@type":"ListItem","position":1,"name":"Inicio","item":"https:\/\/adm.org.ar\/newsite\/"},{"@type":"ListItem","position":2,"name":"Certificado \u00danico de Discapacidad (CUD)"}]},{"@type":"WebSite","@id":"https:\/\/adm.org.ar\/newsite\/#website","url":"https:\/\/adm.org.ar\/newsite\/","name":"ADM Argentina","description":"ADM Argentina","publisher":{"@id":"https:\/\/adm.org.ar\/newsite\/#organization"},"potentialAction":[{"@type":"SearchAction","target":{"@type":"EntryPoint","urlTemplate":"https:\/\/adm.org.ar\/newsite\/?s={search_term_string}"},"query-input":{"@type":"PropertyValueSpecification","valueRequired":true,"valueName":"search_term_string"}}],"inLanguage":"es-AR"},{"@type":"Organization","@id":"https:\/\/adm.org.ar\/newsite\/#organization","name":"ADM Argentina","url":"https:\/\/adm.org.ar\/newsite\/","logo":{"@type":"ImageObject","inLanguage":"es-AR","@id":"https:\/\/adm.org.ar\/newsite\/#\/schema\/logo\/image\/","url":"https:\/\/adm.org.ar\/newsite\/wp-content\/uploads\/2023\/08\/ADM_Logo_2021.png","contentUrl":"https:\/\/adm.org.ar\/newsite\/wp-content\/uploads\/2023\/08\/ADM_Logo_2021.png","width":882,"height":340,"caption":"ADM Argentina"},"image":{"@id":"https:\/\/adm.org.ar\/newsite\/#\/schema\/logo\/image\/"},"sameAs":["https:\/\/www.facebook.com\/adm.argentina","https:\/\/www.youtube.com\/user\/admargentina","https:\/\/www.instagram.com\/asociacion.distrofia.muscular"]}]}},"_links":{"self":[{"href":"https:\/\/adm.org.ar\/newsite\/wp-json\/wp\/v2\/pages\/225","targetHints":{"allow":["GET"]}}],"collection":[{"href":"https:\/\/adm.org.ar\/newsite\/wp-json\/wp\/v2\/pages"}],"about":[{"href":"https:\/\/adm.org.ar\/newsite\/wp-json\/wp\/v2\/types\/page"}],"author":[{"embeddable":true,"href":"https:\/\/adm.org.ar\/newsite\/wp-json\/wp\/v2\/users\/2"}],"replies":[{"embeddable":true,"href":"https:\/\/adm.org.ar\/newsite\/wp-json\/wp\/v2\/comments?post=225"}],"version-history":[{"count":7,"href":"https:\/\/adm.org.ar\/newsite\/wp-json\/wp\/v2\/pages\/225\/revisions"}],"predecessor-version":[{"id":7028,"href":"https:\/\/adm.org.ar\/newsite\/wp-json\/wp\/v2\/pages\/225\/revisions\/7028"}],"wp:attachment":[{"href":"https:\/\/adm.org.ar\/newsite\/wp-json\/wp\/v2\/media?parent=225"}],"curies":[{"name":"wp","href":"https:\/\/api.w.org\/{rel}","templated":true}]}}