{"id":185,"date":"2023-08-08T18:23:49","date_gmt":"2023-08-08T21:23:49","guid":{"rendered":"https:\/\/adm.org.ar\/newsite\/?page_id=185"},"modified":"2023-08-08T18:24:24","modified_gmt":"2023-08-08T21:24:24","slug":"programa-lgmd","status":"publish","type":"page","link":"https:\/\/adm.org.ar\/newsite\/programa-lgmd\/","title":{"rendered":"Programa LGMD"},"content":{"rendered":"\t\t<div data-elementor-type=\"wp-page\" data-elementor-id=\"185\" class=\"elementor elementor-185\" data-elementor-post-type=\"page\">\n\t\t\t\t\t\t<section class=\"elementor-section elementor-top-section elementor-element elementor-element-5d9c01a elementor-section-boxed elementor-section-height-default elementor-section-height-default\" data-id=\"5d9c01a\" data-element_type=\"section\" data-e-type=\"section\">\n\t\t\t\t\t\t<div class=\"elementor-container elementor-column-gap-default\">\n\t\t\t\t\t<div class=\"elementor-column elementor-col-100 elementor-top-column elementor-element elementor-element-ed55afa\" data-id=\"ed55afa\" data-element_type=\"column\" data-e-type=\"column\">\n\t\t\t<div class=\"elementor-widget-wrap elementor-element-populated\">\n\t\t\t\t\t\t<div class=\"elementor-element elementor-element-10f5294 elementor-widget elementor-widget-heading\" data-id=\"10f5294\" data-element_type=\"widget\" data-e-type=\"widget\" data-widget_type=\"heading.default\">\n\t\t\t\t<div class=\"elementor-widget-container\">\n\t\t\t\t\t<h2 class=\"elementor-heading-title elementor-size-default\">Proyecto LGMD<\/h2>\t\t\t\t<\/div>\n\t\t\t\t<\/div>\n\t\t\t\t<div class=\"elementor-element elementor-element-d9062c4 elementor-widget elementor-widget-text-editor\" data-id=\"d9062c4\" data-element_type=\"widget\" data-e-type=\"widget\" data-widget_type=\"text-editor.default\">\n\t\t\t\t<div class=\"elementor-widget-container\">\n\t\t\t\t\t\t\t\t\t<p><b>\u00bfQu\u00e9 es?<\/b><\/p><p>El Proyecto LGMD ADM est\u00e1 formado por un grupo de personas con Distrofia Muscular de Cinturas y su entorno social cercano. Su prop\u00f3sito es construir lazos nacionales e internacionales en pos de viabilizar diagn\u00f3sticos, tratamientos, fomentar investigaci\u00f3n cl\u00ednica y cient\u00edfica por medio de la asistencia social, la difusi\u00f3n y concientizaci\u00f3n.<\/p><p><b>Resultados alcanzados<\/b><br \/>El espacio comenz\u00f3 en 2016 con un grupo de personas que en 2020 se suman a ADM como integrantes activos. Ese a\u00f1o, a ra\u00edz del D\u00eda Internacional por la Concientizaci\u00f3n de las Distrofias de Cinturas, se llev\u00f3 adelante una campa\u00f1a de visibilizaci\u00f3n que cont\u00f3 con testimonios en primera persona, presencia en medios de comunicaci\u00f3n y permiti\u00f3 encontrar muchas personas diagnosticadas nuevas.<\/p><p><b>\u00bfPara qui\u00e9nes?<\/b><\/p><p>Est\u00e1 dirigido especialmente a personas con DCs u LGMD (por sus siglas en ingl\u00e9s) y su entorno cercano. Para obtener m\u00e1s informaci\u00f3n escribinos a\u00a0<a href=\"mailto:info@adm.org.ar\">info@adm.org.ar<\/a>\u00a0con una breve descripci\u00f3n para acompa\u00f1arte mejor.<\/p>\t\t\t\t\t\t\t\t<\/div>\n\t\t\t\t<\/div>\n\t\t\t\t\t<\/div>\n\t\t<\/div>\n\t\t\t\t\t<\/div>\n\t\t<\/section>\n\t\t\t\t<\/div>\n\t\t","protected":false},"excerpt":{"rendered":"<p>Proyecto LGMD \u00bfQu\u00e9 es? El Proyecto LGMD ADM est\u00e1 formado por un grupo de personas con Distrofia Muscular de Cinturas y su entorno social cercano. Su prop\u00f3sito es construir lazos nacionales e internacionales en pos de viabilizar diagn\u00f3sticos, tratamientos, fomentar investigaci\u00f3n cl\u00ednica y cient\u00edfica por medio de la asistencia social, la difusi\u00f3n y concientizaci\u00f3n. Resultados [&hellip;]<\/p>\n","protected":false},"author":2,"featured_media":0,"parent":0,"menu_order":0,"comment_status":"closed","ping_status":"closed","template":"","meta":{"_joinchat":[],"footnotes":""},"class_list":["post-185","page","type-page","status-publish","hentry"],"yoast_head":"<!-- This site is optimized with the Yoast SEO plugin v27.1.1 - https:\/\/yoast.com\/product\/yoast-seo-wordpress\/ -->\n<title>Programa LGMD - ADM Argentina<\/title>\n<meta name=\"robots\" content=\"index, follow, max-snippet:-1, max-image-preview:large, max-video-preview:-1\" \/>\n<link rel=\"canonical\" href=\"https:\/\/adm.org.ar\/newsite\/programa-lgmd\/\" \/>\n<meta property=\"og:locale\" content=\"es_ES\" \/>\n<meta property=\"og:type\" content=\"article\" \/>\n<meta property=\"og:title\" content=\"Programa LGMD - ADM Argentina\" \/>\n<meta property=\"og:description\" content=\"Proyecto LGMD \u00bfQu\u00e9 es? El Proyecto LGMD ADM est\u00e1 formado por un grupo de personas con Distrofia Muscular de Cinturas y su entorno social cercano. Su prop\u00f3sito es construir lazos nacionales e internacionales en pos de viabilizar diagn\u00f3sticos, tratamientos, fomentar investigaci\u00f3n cl\u00ednica y cient\u00edfica por medio de la asistencia social, la difusi\u00f3n y concientizaci\u00f3n. Resultados [&hellip;]\" \/>\n<meta property=\"og:url\" content=\"https:\/\/adm.org.ar\/newsite\/programa-lgmd\/\" \/>\n<meta property=\"og:site_name\" content=\"ADM Argentina\" \/>\n<meta property=\"article:publisher\" content=\"https:\/\/www.facebook.com\/adm.argentina\" \/>\n<meta property=\"article:modified_time\" content=\"2023-08-08T21:24:24+00:00\" \/>\n<meta name=\"twitter:card\" content=\"summary_large_image\" \/>\n<meta name=\"twitter:label1\" content=\"Tiempo de lectura\" \/>\n\t<meta name=\"twitter:data1\" content=\"1 minuto\" \/>\n<script type=\"application\/ld+json\" class=\"yoast-schema-graph\">{\"@context\":\"https:\/\/schema.org\",\"@graph\":[{\"@type\":\"WebPage\",\"@id\":\"https:\/\/adm.org.ar\/newsite\/programa-lgmd\/\",\"url\":\"https:\/\/adm.org.ar\/newsite\/programa-lgmd\/\",\"name\":\"Programa LGMD - ADM Argentina\",\"isPartOf\":{\"@id\":\"https:\/\/adm.org.ar\/newsite\/#website\"},\"datePublished\":\"2023-08-08T21:23:49+00:00\",\"dateModified\":\"2023-08-08T21:24:24+00:00\",\"breadcrumb\":{\"@id\":\"https:\/\/adm.org.ar\/newsite\/programa-lgmd\/#breadcrumb\"},\"inLanguage\":\"es-AR\",\"potentialAction\":[{\"@type\":\"ReadAction\",\"target\":[\"https:\/\/adm.org.ar\/newsite\/programa-lgmd\/\"]}]},{\"@type\":\"BreadcrumbList\",\"@id\":\"https:\/\/adm.org.ar\/newsite\/programa-lgmd\/#breadcrumb\",\"itemListElement\":[{\"@type\":\"ListItem\",\"position\":1,\"name\":\"Inicio\",\"item\":\"https:\/\/adm.org.ar\/newsite\/\"},{\"@type\":\"ListItem\",\"position\":2,\"name\":\"Programa LGMD\"}]},{\"@type\":\"WebSite\",\"@id\":\"https:\/\/adm.org.ar\/newsite\/#website\",\"url\":\"https:\/\/adm.org.ar\/newsite\/\",\"name\":\"ADM Argentina\",\"description\":\"ADM Argentina\",\"publisher\":{\"@id\":\"https:\/\/adm.org.ar\/newsite\/#organization\"},\"potentialAction\":[{\"@type\":\"SearchAction\",\"target\":{\"@type\":\"EntryPoint\",\"urlTemplate\":\"https:\/\/adm.org.ar\/newsite\/?s={search_term_string}\"},\"query-input\":{\"@type\":\"PropertyValueSpecification\",\"valueRequired\":true,\"valueName\":\"search_term_string\"}}],\"inLanguage\":\"es-AR\"},{\"@type\":\"Organization\",\"@id\":\"https:\/\/adm.org.ar\/newsite\/#organization\",\"name\":\"ADM Argentina\",\"url\":\"https:\/\/adm.org.ar\/newsite\/\",\"logo\":{\"@type\":\"ImageObject\",\"inLanguage\":\"es-AR\",\"@id\":\"https:\/\/adm.org.ar\/newsite\/#\/schema\/logo\/image\/\",\"url\":\"https:\/\/adm.org.ar\/newsite\/wp-content\/uploads\/2023\/08\/ADM_Logo_2021.png\",\"contentUrl\":\"https:\/\/adm.org.ar\/newsite\/wp-content\/uploads\/2023\/08\/ADM_Logo_2021.png\",\"width\":882,\"height\":340,\"caption\":\"ADM Argentina\"},\"image\":{\"@id\":\"https:\/\/adm.org.ar\/newsite\/#\/schema\/logo\/image\/\"},\"sameAs\":[\"https:\/\/www.facebook.com\/adm.argentina\",\"https:\/\/www.youtube.com\/user\/admargentina\",\"https:\/\/www.instagram.com\/asociacion.distrofia.muscular\"]}]}<\/script>\n<!-- \/ Yoast SEO plugin. -->","yoast_head_json":{"title":"Programa LGMD - ADM Argentina","robots":{"index":"index","follow":"follow","max-snippet":"max-snippet:-1","max-image-preview":"max-image-preview:large","max-video-preview":"max-video-preview:-1"},"canonical":"https:\/\/adm.org.ar\/newsite\/programa-lgmd\/","og_locale":"es_ES","og_type":"article","og_title":"Programa LGMD - ADM Argentina","og_description":"Proyecto LGMD \u00bfQu\u00e9 es? El Proyecto LGMD ADM est\u00e1 formado por un grupo de personas con Distrofia Muscular de Cinturas y su entorno social cercano. Su prop\u00f3sito es construir lazos nacionales e internacionales en pos de viabilizar diagn\u00f3sticos, tratamientos, fomentar investigaci\u00f3n cl\u00ednica y cient\u00edfica por medio de la asistencia social, la difusi\u00f3n y concientizaci\u00f3n. Resultados [&hellip;]","og_url":"https:\/\/adm.org.ar\/newsite\/programa-lgmd\/","og_site_name":"ADM Argentina","article_publisher":"https:\/\/www.facebook.com\/adm.argentina","article_modified_time":"2023-08-08T21:24:24+00:00","twitter_card":"summary_large_image","twitter_misc":{"Tiempo de lectura":"1 minuto"},"schema":{"@context":"https:\/\/schema.org","@graph":[{"@type":"WebPage","@id":"https:\/\/adm.org.ar\/newsite\/programa-lgmd\/","url":"https:\/\/adm.org.ar\/newsite\/programa-lgmd\/","name":"Programa LGMD - ADM Argentina","isPartOf":{"@id":"https:\/\/adm.org.ar\/newsite\/#website"},"datePublished":"2023-08-08T21:23:49+00:00","dateModified":"2023-08-08T21:24:24+00:00","breadcrumb":{"@id":"https:\/\/adm.org.ar\/newsite\/programa-lgmd\/#breadcrumb"},"inLanguage":"es-AR","potentialAction":[{"@type":"ReadAction","target":["https:\/\/adm.org.ar\/newsite\/programa-lgmd\/"]}]},{"@type":"BreadcrumbList","@id":"https:\/\/adm.org.ar\/newsite\/programa-lgmd\/#breadcrumb","itemListElement":[{"@type":"ListItem","position":1,"name":"Inicio","item":"https:\/\/adm.org.ar\/newsite\/"},{"@type":"ListItem","position":2,"name":"Programa LGMD"}]},{"@type":"WebSite","@id":"https:\/\/adm.org.ar\/newsite\/#website","url":"https:\/\/adm.org.ar\/newsite\/","name":"ADM Argentina","description":"ADM Argentina","publisher":{"@id":"https:\/\/adm.org.ar\/newsite\/#organization"},"potentialAction":[{"@type":"SearchAction","target":{"@type":"EntryPoint","urlTemplate":"https:\/\/adm.org.ar\/newsite\/?s={search_term_string}"},"query-input":{"@type":"PropertyValueSpecification","valueRequired":true,"valueName":"search_term_string"}}],"inLanguage":"es-AR"},{"@type":"Organization","@id":"https:\/\/adm.org.ar\/newsite\/#organization","name":"ADM Argentina","url":"https:\/\/adm.org.ar\/newsite\/","logo":{"@type":"ImageObject","inLanguage":"es-AR","@id":"https:\/\/adm.org.ar\/newsite\/#\/schema\/logo\/image\/","url":"https:\/\/adm.org.ar\/newsite\/wp-content\/uploads\/2023\/08\/ADM_Logo_2021.png","contentUrl":"https:\/\/adm.org.ar\/newsite\/wp-content\/uploads\/2023\/08\/ADM_Logo_2021.png","width":882,"height":340,"caption":"ADM Argentina"},"image":{"@id":"https:\/\/adm.org.ar\/newsite\/#\/schema\/logo\/image\/"},"sameAs":["https:\/\/www.facebook.com\/adm.argentina","https:\/\/www.youtube.com\/user\/admargentina","https:\/\/www.instagram.com\/asociacion.distrofia.muscular"]}]}},"_links":{"self":[{"href":"https:\/\/adm.org.ar\/newsite\/wp-json\/wp\/v2\/pages\/185","targetHints":{"allow":["GET"]}}],"collection":[{"href":"https:\/\/adm.org.ar\/newsite\/wp-json\/wp\/v2\/pages"}],"about":[{"href":"https:\/\/adm.org.ar\/newsite\/wp-json\/wp\/v2\/types\/page"}],"author":[{"embeddable":true,"href":"https:\/\/adm.org.ar\/newsite\/wp-json\/wp\/v2\/users\/2"}],"replies":[{"embeddable":true,"href":"https:\/\/adm.org.ar\/newsite\/wp-json\/wp\/v2\/comments?post=185"}],"version-history":[{"count":4,"href":"https:\/\/adm.org.ar\/newsite\/wp-json\/wp\/v2\/pages\/185\/revisions"}],"predecessor-version":[{"id":189,"href":"https:\/\/adm.org.ar\/newsite\/wp-json\/wp\/v2\/pages\/185\/revisions\/189"}],"wp:attachment":[{"href":"https:\/\/adm.org.ar\/newsite\/wp-json\/wp\/v2\/media?parent=185"}],"curies":[{"name":"wp","href":"https:\/\/api.w.org\/{rel}","templated":true}]}}