{"id":180,"date":"2023-08-08T18:22:36","date_gmt":"2023-08-08T21:22:36","guid":{"rendered":"https:\/\/adm.org.ar\/newsite\/?page_id=180"},"modified":"2023-08-08T18:23:28","modified_gmt":"2023-08-08T21:23:28","slug":"programa-familias-duchenne-profad","status":"publish","type":"page","link":"https:\/\/adm.org.ar\/newsite\/programa-familias-duchenne-profad\/","title":{"rendered":"Programa Familias Duchenne (ProFaD)"},"content":{"rendered":"\t\t<div data-elementor-type=\"wp-page\" data-elementor-id=\"180\" class=\"elementor elementor-180\" data-elementor-post-type=\"page\">\n\t\t\t\t\t\t<section class=\"elementor-section elementor-top-section elementor-element elementor-element-5d9c01a elementor-section-boxed elementor-section-height-default elementor-section-height-default\" data-id=\"5d9c01a\" data-element_type=\"section\" data-e-type=\"section\">\n\t\t\t\t\t\t<div class=\"elementor-container elementor-column-gap-default\">\n\t\t\t\t\t<div class=\"elementor-column elementor-col-100 elementor-top-column elementor-element elementor-element-ed55afa\" data-id=\"ed55afa\" data-element_type=\"column\" data-e-type=\"column\">\n\t\t\t<div class=\"elementor-widget-wrap elementor-element-populated\">\n\t\t\t\t\t\t<div class=\"elementor-element elementor-element-10f5294 elementor-widget elementor-widget-heading\" data-id=\"10f5294\" data-element_type=\"widget\" data-e-type=\"widget\" data-widget_type=\"heading.default\">\n\t\t\t\t<div class=\"elementor-widget-container\">\n\t\t\t\t\t<h2 class=\"elementor-heading-title elementor-size-default\">Programa Familias Duchenne (ProFaD)<\/h2>\t\t\t\t<\/div>\n\t\t\t\t<\/div>\n\t\t\t\t<div class=\"elementor-element elementor-element-d9062c4 elementor-widget elementor-widget-text-editor\" data-id=\"d9062c4\" data-element_type=\"widget\" data-e-type=\"widget\" data-widget_type=\"text-editor.default\">\n\t\t\t\t<div class=\"elementor-widget-container\">\n\t\t\t\t\t\t\t\t\t<p><b>\u00bfQu\u00e9 es?<\/b><\/p><p>Profad est\u00e1 conformado por personas con DMD y familiares que buscan mejorar la calidad de vida de las personas con Distrofia Muscular de Duchenne. Entre sus actividades se encuentran llevan adelante talleres especiales (sobre acceso y adhesi\u00f3n a tratamientos, inclusi\u00f3n social, entre otros), la campa\u00f1a de difusi\u00f3n para el D\u00eda Internacional por la Concientizaci\u00f3n de la DMD cada 7 de septiembre y tambi\u00e9n trabajan en agendas nacionales e internacionales para promover el desarrollo de investigaciones.\u00a0<\/p><p><b>\u00bfPara qui\u00e9nes?<\/b><\/p><p>Est\u00e1 orientado a personas con Distrofia Muscular Duchenne (DMD) y su entorno social cercano (familiares, parejas, amigos) de todo el pa\u00eds. Para estar al tanto de las actividades pod\u00e9s escribirnos a\u00a0<a href=\"mailto:info@adm.org.ar\">info@adm.org.ar<\/a>\u00a0o seguirnos a trav\u00e9s de nuestras redes sociales.<\/p><p><b>Resultados alcanzados<\/b><\/p><p>Cada a\u00f1o participan m\u00e1s de 600 personas de todo el pa\u00eds en nuestros eventos por el D\u00eda Internacional por la Concientizaci\u00f3n de la Distrofia Muscular de Duchenne y hasta 70 en nuestros talleres especiales. La campa\u00f1a de visibilizaci\u00f3n logr\u00f3 obtener 39 notas publicadas en medios nacionales y un alcance en redes sociales de 336.000 personas.<\/p><p>En\u00a0<a href=\"https:\/\/tinacarofrade.wixsite.com\/adm-duchenne\">este link<\/a>\u00a0se podr\u00e1 acceder a material de inter\u00e9s de la Campa\u00f1a 2020 por el D\u00eda Internacional para la Concientizaci\u00f3n de la Distrofia Muscular de Duchenne cuyo lema fue la vida cotidiana. Se puede encontrar material gr\u00e1fico para las campa\u00f1as de difusi\u00f3n, grabaci\u00f3n del encuentro virtual y 30 testimonios de ni\u00f1os, j\u00f3venes y adultos con Distrofia Muscular de Duchenne compartidos.<\/p>\t\t\t\t\t\t\t\t<\/div>\n\t\t\t\t<\/div>\n\t\t\t\t\t<\/div>\n\t\t<\/div>\n\t\t\t\t\t<\/div>\n\t\t<\/section>\n\t\t\t\t<\/div>\n\t\t","protected":false},"excerpt":{"rendered":"<p>Programa Familias Duchenne (ProFaD) \u00bfQu\u00e9 es? Profad est\u00e1 conformado por personas con DMD y familiares que buscan mejorar la calidad de vida de las personas con Distrofia Muscular de Duchenne. Entre sus actividades se encuentran llevan adelante talleres especiales (sobre acceso y adhesi\u00f3n a tratamientos, inclusi\u00f3n social, entre otros), la campa\u00f1a de difusi\u00f3n para el [&hellip;]<\/p>\n","protected":false},"author":2,"featured_media":0,"parent":0,"menu_order":0,"comment_status":"closed","ping_status":"closed","template":"","meta":{"_joinchat":[],"footnotes":""},"class_list":["post-180","page","type-page","status-publish","hentry"],"yoast_head":"<!-- This site is optimized with the Yoast SEO plugin v27.6 - https:\/\/yoast.com\/product\/yoast-seo-wordpress\/ -->\n<title>Programa Familias Duchenne (ProFaD) - ADM Argentina<\/title>\n<meta name=\"robots\" content=\"index, follow, max-snippet:-1, max-image-preview:large, max-video-preview:-1\" \/>\n<link rel=\"canonical\" href=\"https:\/\/adm.org.ar\/newsite\/programa-familias-duchenne-profad\/\" \/>\n<meta property=\"og:locale\" content=\"es_ES\" \/>\n<meta property=\"og:type\" content=\"article\" \/>\n<meta property=\"og:title\" content=\"Programa Familias Duchenne (ProFaD) - ADM Argentina\" \/>\n<meta property=\"og:description\" content=\"Programa Familias Duchenne (ProFaD) \u00bfQu\u00e9 es? Profad est\u00e1 conformado por personas con DMD y familiares que buscan mejorar la calidad de vida de las personas con Distrofia Muscular de Duchenne. Entre sus actividades se encuentran llevan adelante talleres especiales (sobre acceso y adhesi\u00f3n a tratamientos, inclusi\u00f3n social, entre otros), la campa\u00f1a de difusi\u00f3n para el [&hellip;]\" \/>\n<meta property=\"og:url\" content=\"https:\/\/adm.org.ar\/newsite\/programa-familias-duchenne-profad\/\" \/>\n<meta property=\"og:site_name\" content=\"ADM Argentina\" \/>\n<meta property=\"article:publisher\" content=\"https:\/\/www.facebook.com\/adm.argentina\" \/>\n<meta property=\"article:modified_time\" content=\"2023-08-08T21:23:28+00:00\" \/>\n<meta name=\"twitter:card\" content=\"summary_large_image\" \/>\n<meta name=\"twitter:label1\" content=\"Tiempo de lectura\" \/>\n\t<meta name=\"twitter:data1\" content=\"1 minuto\" \/>\n<script type=\"application\/ld+json\" class=\"yoast-schema-graph\">{\"@context\":\"https:\\\/\\\/schema.org\",\"@graph\":[{\"@type\":\"WebPage\",\"@id\":\"https:\\\/\\\/adm.org.ar\\\/newsite\\\/programa-familias-duchenne-profad\\\/\",\"url\":\"https:\\\/\\\/adm.org.ar\\\/newsite\\\/programa-familias-duchenne-profad\\\/\",\"name\":\"Programa Familias Duchenne (ProFaD) - ADM Argentina\",\"isPartOf\":{\"@id\":\"https:\\\/\\\/adm.org.ar\\\/newsite\\\/#website\"},\"datePublished\":\"2023-08-08T21:22:36+00:00\",\"dateModified\":\"2023-08-08T21:23:28+00:00\",\"breadcrumb\":{\"@id\":\"https:\\\/\\\/adm.org.ar\\\/newsite\\\/programa-familias-duchenne-profad\\\/#breadcrumb\"},\"inLanguage\":\"es-AR\",\"potentialAction\":[{\"@type\":\"ReadAction\",\"target\":[\"https:\\\/\\\/adm.org.ar\\\/newsite\\\/programa-familias-duchenne-profad\\\/\"]}]},{\"@type\":\"BreadcrumbList\",\"@id\":\"https:\\\/\\\/adm.org.ar\\\/newsite\\\/programa-familias-duchenne-profad\\\/#breadcrumb\",\"itemListElement\":[{\"@type\":\"ListItem\",\"position\":1,\"name\":\"Inicio\",\"item\":\"https:\\\/\\\/adm.org.ar\\\/newsite\\\/\"},{\"@type\":\"ListItem\",\"position\":2,\"name\":\"Programa Familias Duchenne (ProFaD)\"}]},{\"@type\":\"WebSite\",\"@id\":\"https:\\\/\\\/adm.org.ar\\\/newsite\\\/#website\",\"url\":\"https:\\\/\\\/adm.org.ar\\\/newsite\\\/\",\"name\":\"ADM Argentina\",\"description\":\"ADM Argentina\",\"publisher\":{\"@id\":\"https:\\\/\\\/adm.org.ar\\\/newsite\\\/#organization\"},\"potentialAction\":[{\"@type\":\"SearchAction\",\"target\":{\"@type\":\"EntryPoint\",\"urlTemplate\":\"https:\\\/\\\/adm.org.ar\\\/newsite\\\/?s={search_term_string}\"},\"query-input\":{\"@type\":\"PropertyValueSpecification\",\"valueRequired\":true,\"valueName\":\"search_term_string\"}}],\"inLanguage\":\"es-AR\"},{\"@type\":\"Organization\",\"@id\":\"https:\\\/\\\/adm.org.ar\\\/newsite\\\/#organization\",\"name\":\"ADM Argentina\",\"url\":\"https:\\\/\\\/adm.org.ar\\\/newsite\\\/\",\"logo\":{\"@type\":\"ImageObject\",\"inLanguage\":\"es-AR\",\"@id\":\"https:\\\/\\\/adm.org.ar\\\/newsite\\\/#\\\/schema\\\/logo\\\/image\\\/\",\"url\":\"https:\\\/\\\/adm.org.ar\\\/newsite\\\/wp-content\\\/uploads\\\/2023\\\/08\\\/ADM_Logo_2021.png\",\"contentUrl\":\"https:\\\/\\\/adm.org.ar\\\/newsite\\\/wp-content\\\/uploads\\\/2023\\\/08\\\/ADM_Logo_2021.png\",\"width\":882,\"height\":340,\"caption\":\"ADM Argentina\"},\"image\":{\"@id\":\"https:\\\/\\\/adm.org.ar\\\/newsite\\\/#\\\/schema\\\/logo\\\/image\\\/\"},\"sameAs\":[\"https:\\\/\\\/www.facebook.com\\\/adm.argentina\",\"https:\\\/\\\/www.youtube.com\\\/user\\\/admargentina\",\"https:\\\/\\\/www.instagram.com\\\/asociacion.distrofia.muscular\"]}]}<\/script>\n<!-- \/ Yoast SEO plugin. -->","yoast_head_json":{"title":"Programa Familias Duchenne (ProFaD) - ADM Argentina","robots":{"index":"index","follow":"follow","max-snippet":"max-snippet:-1","max-image-preview":"max-image-preview:large","max-video-preview":"max-video-preview:-1"},"canonical":"https:\/\/adm.org.ar\/newsite\/programa-familias-duchenne-profad\/","og_locale":"es_ES","og_type":"article","og_title":"Programa Familias Duchenne (ProFaD) - ADM Argentina","og_description":"Programa Familias Duchenne (ProFaD) \u00bfQu\u00e9 es? Profad est\u00e1 conformado por personas con DMD y familiares que buscan mejorar la calidad de vida de las personas con Distrofia Muscular de Duchenne. Entre sus actividades se encuentran llevan adelante talleres especiales (sobre acceso y adhesi\u00f3n a tratamientos, inclusi\u00f3n social, entre otros), la campa\u00f1a de difusi\u00f3n para el [&hellip;]","og_url":"https:\/\/adm.org.ar\/newsite\/programa-familias-duchenne-profad\/","og_site_name":"ADM Argentina","article_publisher":"https:\/\/www.facebook.com\/adm.argentina","article_modified_time":"2023-08-08T21:23:28+00:00","twitter_card":"summary_large_image","twitter_misc":{"Tiempo de lectura":"1 minuto"},"schema":{"@context":"https:\/\/schema.org","@graph":[{"@type":"WebPage","@id":"https:\/\/adm.org.ar\/newsite\/programa-familias-duchenne-profad\/","url":"https:\/\/adm.org.ar\/newsite\/programa-familias-duchenne-profad\/","name":"Programa Familias Duchenne (ProFaD) - ADM Argentina","isPartOf":{"@id":"https:\/\/adm.org.ar\/newsite\/#website"},"datePublished":"2023-08-08T21:22:36+00:00","dateModified":"2023-08-08T21:23:28+00:00","breadcrumb":{"@id":"https:\/\/adm.org.ar\/newsite\/programa-familias-duchenne-profad\/#breadcrumb"},"inLanguage":"es-AR","potentialAction":[{"@type":"ReadAction","target":["https:\/\/adm.org.ar\/newsite\/programa-familias-duchenne-profad\/"]}]},{"@type":"BreadcrumbList","@id":"https:\/\/adm.org.ar\/newsite\/programa-familias-duchenne-profad\/#breadcrumb","itemListElement":[{"@type":"ListItem","position":1,"name":"Inicio","item":"https:\/\/adm.org.ar\/newsite\/"},{"@type":"ListItem","position":2,"name":"Programa Familias Duchenne (ProFaD)"}]},{"@type":"WebSite","@id":"https:\/\/adm.org.ar\/newsite\/#website","url":"https:\/\/adm.org.ar\/newsite\/","name":"ADM Argentina","description":"ADM Argentina","publisher":{"@id":"https:\/\/adm.org.ar\/newsite\/#organization"},"potentialAction":[{"@type":"SearchAction","target":{"@type":"EntryPoint","urlTemplate":"https:\/\/adm.org.ar\/newsite\/?s={search_term_string}"},"query-input":{"@type":"PropertyValueSpecification","valueRequired":true,"valueName":"search_term_string"}}],"inLanguage":"es-AR"},{"@type":"Organization","@id":"https:\/\/adm.org.ar\/newsite\/#organization","name":"ADM Argentina","url":"https:\/\/adm.org.ar\/newsite\/","logo":{"@type":"ImageObject","inLanguage":"es-AR","@id":"https:\/\/adm.org.ar\/newsite\/#\/schema\/logo\/image\/","url":"https:\/\/adm.org.ar\/newsite\/wp-content\/uploads\/2023\/08\/ADM_Logo_2021.png","contentUrl":"https:\/\/adm.org.ar\/newsite\/wp-content\/uploads\/2023\/08\/ADM_Logo_2021.png","width":882,"height":340,"caption":"ADM Argentina"},"image":{"@id":"https:\/\/adm.org.ar\/newsite\/#\/schema\/logo\/image\/"},"sameAs":["https:\/\/www.facebook.com\/adm.argentina","https:\/\/www.youtube.com\/user\/admargentina","https:\/\/www.instagram.com\/asociacion.distrofia.muscular"]}]}},"_links":{"self":[{"href":"https:\/\/adm.org.ar\/newsite\/wp-json\/wp\/v2\/pages\/180","targetHints":{"allow":["GET"]}}],"collection":[{"href":"https:\/\/adm.org.ar\/newsite\/wp-json\/wp\/v2\/pages"}],"about":[{"href":"https:\/\/adm.org.ar\/newsite\/wp-json\/wp\/v2\/types\/page"}],"author":[{"embeddable":true,"href":"https:\/\/adm.org.ar\/newsite\/wp-json\/wp\/v2\/users\/2"}],"replies":[{"embeddable":true,"href":"https:\/\/adm.org.ar\/newsite\/wp-json\/wp\/v2\/comments?post=180"}],"version-history":[{"count":4,"href":"https:\/\/adm.org.ar\/newsite\/wp-json\/wp\/v2\/pages\/180\/revisions"}],"predecessor-version":[{"id":184,"href":"https:\/\/adm.org.ar\/newsite\/wp-json\/wp\/v2\/pages\/180\/revisions\/184"}],"wp:attachment":[{"href":"https:\/\/adm.org.ar\/newsite\/wp-json\/wp\/v2\/media?parent=180"}],"curies":[{"name":"wp","href":"https:\/\/api.w.org\/{rel}","templated":true}]}}