{"id":150,"date":"2023-08-08T18:15:17","date_gmt":"2023-08-08T21:15:17","guid":{"rendered":"https:\/\/adm.org.ar\/newsite\/?page_id=150"},"modified":"2023-08-08T18:16:08","modified_gmt":"2023-08-08T21:16:08","slug":"cuidados-y-consideraciones","status":"publish","type":"page","link":"https:\/\/adm.org.ar\/newsite\/cuidados-y-consideraciones\/","title":{"rendered":"Cuidados y consideraciones"},"content":{"rendered":"\t\t<div data-elementor-type=\"wp-page\" data-elementor-id=\"150\" class=\"elementor elementor-150\" data-elementor-post-type=\"page\">\n\t\t\t\t\t\t<section class=\"elementor-section elementor-top-section elementor-element elementor-element-5d9c01a elementor-section-boxed elementor-section-height-default elementor-section-height-default\" data-id=\"5d9c01a\" data-element_type=\"section\" data-e-type=\"section\">\n\t\t\t\t\t\t<div class=\"elementor-container elementor-column-gap-default\">\n\t\t\t\t\t<div class=\"elementor-column elementor-col-100 elementor-top-column elementor-element elementor-element-ed55afa\" data-id=\"ed55afa\" data-element_type=\"column\" data-e-type=\"column\">\n\t\t\t<div class=\"elementor-widget-wrap elementor-element-populated\">\n\t\t\t\t\t\t<div class=\"elementor-element elementor-element-10f5294 elementor-widget elementor-widget-heading\" data-id=\"10f5294\" data-element_type=\"widget\" data-e-type=\"widget\" data-widget_type=\"heading.default\">\n\t\t\t\t<div class=\"elementor-widget-container\">\n\t\t\t\t\t<h2 class=\"elementor-heading-title elementor-size-default\">Cuidados y consideraciones<\/h2>\t\t\t\t<\/div>\n\t\t\t\t<\/div>\n\t\t\t\t<div class=\"elementor-element elementor-element-d9062c4 elementor-widget elementor-widget-text-editor\" data-id=\"d9062c4\" data-element_type=\"widget\" data-e-type=\"widget\" data-widget_type=\"text-editor.default\">\n\t\t\t\t<div class=\"elementor-widget-container\">\n\t\t\t\t\t\t\t\t\t<ul><li aria-level=\"1\"><b>\u00bfLa Distrofia Muscular puede aparecer sin que existan antecedentes familiares?<\/b><\/li><\/ul><p>S\u00ed. Dependiendo de la forma o tipo de herencia. Fundamentalmente, en las formas recesivas, puede nunca se haya manifestado la enfermedad previamente en la familia (ver m\u00e1s arriba formas de herencia),<\/p><p>Como en otras enfermedades gen\u00e9ticas, las Distrofias Musculares\u00a0 pueden ser el resultado de una \u201cmutaci\u00f3n nueva\u201d, o \u201cespont\u00e1nea\u201d, al producirse un error en la \u201clectura\u201d (transcripci\u00f3n) del c\u00f3digo gen\u00e9tico.<\/p><p>En este caso aparece por primera vez en la historia de la familia una enfermedad de este tipo.<\/p><ul><li aria-level=\"1\"><b>El diagn\u00f3stico en las distrofias musculares<\/b><\/li><\/ul><p>Como fue dicho antes, el proceso diagn\u00f3stico es el de cualquier enfermedad neuromuscular (ver m\u00e1s arriba), siendo la evaluaci\u00f3n cl\u00ednica la primera herramienta a utilizar, con la\u00a0 obtenci\u00f3n de una historia cl\u00ednica y un examen neurol\u00f3gico. (ver m\u00e1s arriba)\u00a0<\/p><p>Casi siempre hay que recurrir a una serie de ex\u00e1menes complementarios, como an\u00e1lisis de sangre para enzimas musculares, electromiograma (estudio de funci\u00f3n el\u00e9ctrica muscular), estudios de ADN y eventualmente toma de tejido muscular (biopsia).\u00a0<\/p><ul><li aria-level=\"1\"><b>\u00bfCu\u00e1l es el\u00a0 tratamiento en las ENM?\u00a0<\/b><\/li><\/ul><p>Con frecuencia se confunde tratamiento con curaci\u00f3n. Si bien muchas (no todas) enfermedades neuromusculares no se pueden \u201ccurar\u201d (entendi\u00e9ndose por curaci\u00f3n la restituci\u00f3n total de la normalidad) TODAS pueden y deben ser tratadas.<\/p><p>Es muy importante decir aqu\u00ed que aunque muchas no son curables, todas son tratables.\u00a0<\/p><p>Algunas, si no son tratadas, pueden ser fatales cuando compromete los m\u00fasculos respiratorios o el coraz\u00f3n.\u00a0<\/p><p><b><i>Debe tenerse en cuenta que no existen enfermedades intratables.\u00a0<\/i><\/b><\/p><p><b><i>No debe confundirse incurable con intratable.<\/i><\/b><\/p><p>El tratamiento siempre est\u00e1 dirigido a mejorar la calidad de vida del paciente. Se deben evitar las complicaciones propias de cada enfermedad, mantener en todo lo posible la independencia, integrar al paciente a una vida funcional, ya sea un ni\u00f1o, un adolescente o un adulto.<\/p><p>Las herramientas terap\u00e9uticas con que se puede contar son muchas y variadas e incluyen f\u00e1rmacos, terapia f\u00edsica y de rehabilitaci\u00f3n, terapia foni\u00e1trica y de la degluci\u00f3n (si estuviera afectada), utilizaci\u00f3n de ortesis, apoyo psicoterap\u00e9utico, tratamientos quir\u00fargicos y\/o neuro ortop\u00e9dicos y tambi\u00e9n controles m\u00e9dicos especializados para prevenir complicaciones espec\u00edficas de cada enfermedad. (cardiol\u00f3gicos, respiratorios, cl\u00ednicos, neurol\u00f3gicos, endocrinol\u00f3gicos, etc.).<\/p><p>El tratamiento de las distrofias musculares as\u00ed como de las ENM en general es la misi\u00f3n de un grupo interdisciplinario encabezado por el m\u00e9dico neur\u00f3logo y en el que participan diversas especialidades.\u00a0<\/p><p>A la medicaci\u00f3n se le pueden sumar los controles neurol\u00f3gicos, cardiol\u00f3gicos, nutricionales, endocrinol\u00f3gicos, kinesiol\u00f3gicos y el apoyo f\u00edsico, social y psicol\u00f3gico del paciente y la familia. El m\u00e9dico neur\u00f3logo con especializaci\u00f3n o conocimiento del \u00e1rea es quien debe planear los distintos controles que debe realizar, as\u00ed como el momento apropiado para realizar las consultas con los diversos especialistas en el momento oportuno. La necesidad de dichas especialidades puede variar a lo largo de la vida de una persona con ENM, por lo que es importante que sea el m\u00e9dico tratante el que eval\u00fae cu\u00e1ndo es necesario el aporte de otros profesionales de la salud.<\/p><p>En la actualidad los avances en la investigaci\u00f3n est\u00e1n cambiando r\u00e1pidamente las perspectivas para muchas ENM. Los nuevos conocimientos gen\u00e9ticos est\u00e1n dando sus frutos, y es as\u00ed que est\u00e1n apareciendo tratamientos biol\u00f3gicos que ya est\u00e1n convirtiendo en realidad el sue\u00f1o de revertir, reparar o enmendar las mutaciones gen\u00e9ticas que provocan las enfermedades.<\/p><p>Ya est\u00e1n en etapa de comercializaci\u00f3n nuevas medicaciones capaces de modificar el pron\u00f3stico de enfermedades tan graves como la distrofia muscular de Duchenne.\u00a0<\/p><p>Enfermedades de la severidad de la Atrofia Muscular Espinal (AME) cuentan hoy con tratamientos gen\u00e9ticos efectivos y es la AME la primer ENM que\u00a0 cuenta con terapia g\u00e9nica. El tratamiento con Zolgensma (NR) fue aprobado por la FDA, siendo la primera terapia de reemplazo gen\u00e9tico para una ENM. Estamos m\u00e1s cerca de que esa posibilidad est\u00e9 disponible para otras ENM. Sin dudarlo, es tiempo de grandes cambios.\u00a0<\/p><p>Como fue mencionado antes, estamos en un momento particular en el que pueden existir nuevas opciones de tratamiento espec\u00edficas, terap\u00e9uticas gen\u00e9ticas que ya est\u00e9n disponibles o en etapas muy avanzadas de investigaci\u00f3n.<\/p><p>Mantenerse en contacto con su neur\u00f3logo especialista y con ADMes fundamental para estar al tanto de los nuevos avances en este campo.<\/p><ul><li aria-level=\"1\"><b>Kinesiolog\u00eda<\/b><\/li><\/ul><p>El tratamiento kinesiol\u00f3gico es de fundamental importancia para evitar complicaciones y obtener el m\u00e1ximo beneficio de movimiento y fuerza\u00a0 muscular. Debe estar adaptado a cada caso partiendo de las necesidades individuales de cada persona con ENM. Exige constancia y compromiso y cada sesi\u00f3n es el \u201cgranito de arena\u201d diario para un mejor ma\u00f1ana, ya que de un buen cuidado y tratamiento kinesiol\u00f3gicos depende que no se desarrollen complicaciones que suelen transformarse en limitaciones en la vida cotidiana.<\/p><p>Se deben evitar contracturas y deformaciones articulares (como en tobillos y codos) y malas posturas. Para ello son necesarios entre otros los ejercicios de elongaci\u00f3n. Estos suelen prolongar la deambulaci\u00f3n independiente del paciente.<\/p><p>El kinesi\u00f3logo le dar\u00e1 las pautas de c\u00f3mo manejarse y del tipo de ejercicios a realizar. Los ejercicios respiratorios pueden ser de fundamental importancia en algunas personas con funci\u00f3n respiratoria comprometida.\u00a0 Debe tenerse en cuenta que la funci\u00f3n respiratoria puede encontrarse disminuida en ausencia total de s\u00edntomas.<\/p>\t\t\t\t\t\t\t\t<\/div>\n\t\t\t\t<\/div>\n\t\t\t\t\t<\/div>\n\t\t<\/div>\n\t\t\t\t\t<\/div>\n\t\t<\/section>\n\t\t\t\t<\/div>\n\t\t","protected":false},"excerpt":{"rendered":"<p>Cuidados y consideraciones \u00bfLa Distrofia Muscular puede aparecer sin que existan antecedentes familiares? S\u00ed. Dependiendo de la forma o tipo de herencia. Fundamentalmente, en las formas recesivas, puede nunca se haya manifestado la enfermedad previamente en la familia (ver m\u00e1s arriba formas de herencia), Como en otras enfermedades gen\u00e9ticas, las Distrofias Musculares\u00a0 pueden ser el [&hellip;]<\/p>\n","protected":false},"author":2,"featured_media":0,"parent":0,"menu_order":0,"comment_status":"closed","ping_status":"closed","template":"","meta":{"_joinchat":[],"footnotes":""},"class_list":["post-150","page","type-page","status-publish","hentry"],"yoast_head":"<!-- This site is optimized with the Yoast SEO plugin v27.1.1 - https:\/\/yoast.com\/product\/yoast-seo-wordpress\/ -->\n<title>Cuidados y consideraciones - ADM Argentina<\/title>\n<meta name=\"robots\" content=\"index, follow, max-snippet:-1, max-image-preview:large, max-video-preview:-1\" \/>\n<link rel=\"canonical\" href=\"https:\/\/adm.org.ar\/newsite\/cuidados-y-consideraciones\/\" \/>\n<meta property=\"og:locale\" content=\"es_ES\" \/>\n<meta property=\"og:type\" content=\"article\" \/>\n<meta property=\"og:title\" content=\"Cuidados y consideraciones - ADM Argentina\" \/>\n<meta property=\"og:description\" content=\"Cuidados y consideraciones \u00bfLa Distrofia Muscular puede aparecer sin que existan antecedentes familiares? S\u00ed. Dependiendo de la forma o tipo de herencia. Fundamentalmente, en las formas recesivas, puede nunca se haya manifestado la enfermedad previamente en la familia (ver m\u00e1s arriba formas de herencia), Como en otras enfermedades gen\u00e9ticas, las Distrofias Musculares\u00a0 pueden ser el [&hellip;]\" \/>\n<meta property=\"og:url\" content=\"https:\/\/adm.org.ar\/newsite\/cuidados-y-consideraciones\/\" \/>\n<meta property=\"og:site_name\" content=\"ADM Argentina\" \/>\n<meta property=\"article:publisher\" content=\"https:\/\/www.facebook.com\/adm.argentina\" \/>\n<meta property=\"article:modified_time\" content=\"2023-08-08T21:16:08+00:00\" \/>\n<meta name=\"twitter:card\" content=\"summary_large_image\" \/>\n<meta name=\"twitter:label1\" content=\"Tiempo de lectura\" \/>\n\t<meta name=\"twitter:data1\" content=\"5 minutos\" \/>\n<script type=\"application\/ld+json\" class=\"yoast-schema-graph\">{\"@context\":\"https:\/\/schema.org\",\"@graph\":[{\"@type\":\"WebPage\",\"@id\":\"https:\/\/adm.org.ar\/newsite\/cuidados-y-consideraciones\/\",\"url\":\"https:\/\/adm.org.ar\/newsite\/cuidados-y-consideraciones\/\",\"name\":\"Cuidados y consideraciones - ADM Argentina\",\"isPartOf\":{\"@id\":\"https:\/\/adm.org.ar\/newsite\/#website\"},\"datePublished\":\"2023-08-08T21:15:17+00:00\",\"dateModified\":\"2023-08-08T21:16:08+00:00\",\"breadcrumb\":{\"@id\":\"https:\/\/adm.org.ar\/newsite\/cuidados-y-consideraciones\/#breadcrumb\"},\"inLanguage\":\"es-AR\",\"potentialAction\":[{\"@type\":\"ReadAction\",\"target\":[\"https:\/\/adm.org.ar\/newsite\/cuidados-y-consideraciones\/\"]}]},{\"@type\":\"BreadcrumbList\",\"@id\":\"https:\/\/adm.org.ar\/newsite\/cuidados-y-consideraciones\/#breadcrumb\",\"itemListElement\":[{\"@type\":\"ListItem\",\"position\":1,\"name\":\"Inicio\",\"item\":\"https:\/\/adm.org.ar\/newsite\/\"},{\"@type\":\"ListItem\",\"position\":2,\"name\":\"Cuidados y consideraciones\"}]},{\"@type\":\"WebSite\",\"@id\":\"https:\/\/adm.org.ar\/newsite\/#website\",\"url\":\"https:\/\/adm.org.ar\/newsite\/\",\"name\":\"ADM Argentina\",\"description\":\"ADM Argentina\",\"publisher\":{\"@id\":\"https:\/\/adm.org.ar\/newsite\/#organization\"},\"potentialAction\":[{\"@type\":\"SearchAction\",\"target\":{\"@type\":\"EntryPoint\",\"urlTemplate\":\"https:\/\/adm.org.ar\/newsite\/?s={search_term_string}\"},\"query-input\":{\"@type\":\"PropertyValueSpecification\",\"valueRequired\":true,\"valueName\":\"search_term_string\"}}],\"inLanguage\":\"es-AR\"},{\"@type\":\"Organization\",\"@id\":\"https:\/\/adm.org.ar\/newsite\/#organization\",\"name\":\"ADM Argentina\",\"url\":\"https:\/\/adm.org.ar\/newsite\/\",\"logo\":{\"@type\":\"ImageObject\",\"inLanguage\":\"es-AR\",\"@id\":\"https:\/\/adm.org.ar\/newsite\/#\/schema\/logo\/image\/\",\"url\":\"https:\/\/adm.org.ar\/newsite\/wp-content\/uploads\/2023\/08\/ADM_Logo_2021.png\",\"contentUrl\":\"https:\/\/adm.org.ar\/newsite\/wp-content\/uploads\/2023\/08\/ADM_Logo_2021.png\",\"width\":882,\"height\":340,\"caption\":\"ADM Argentina\"},\"image\":{\"@id\":\"https:\/\/adm.org.ar\/newsite\/#\/schema\/logo\/image\/\"},\"sameAs\":[\"https:\/\/www.facebook.com\/adm.argentina\",\"https:\/\/www.youtube.com\/user\/admargentina\",\"https:\/\/www.instagram.com\/asociacion.distrofia.muscular\"]}]}<\/script>\n<!-- \/ Yoast SEO plugin. -->","yoast_head_json":{"title":"Cuidados y consideraciones - ADM Argentina","robots":{"index":"index","follow":"follow","max-snippet":"max-snippet:-1","max-image-preview":"max-image-preview:large","max-video-preview":"max-video-preview:-1"},"canonical":"https:\/\/adm.org.ar\/newsite\/cuidados-y-consideraciones\/","og_locale":"es_ES","og_type":"article","og_title":"Cuidados y consideraciones - ADM Argentina","og_description":"Cuidados y consideraciones \u00bfLa Distrofia Muscular puede aparecer sin que existan antecedentes familiares? S\u00ed. Dependiendo de la forma o tipo de herencia. Fundamentalmente, en las formas recesivas, puede nunca se haya manifestado la enfermedad previamente en la familia (ver m\u00e1s arriba formas de herencia), Como en otras enfermedades gen\u00e9ticas, las Distrofias Musculares\u00a0 pueden ser el [&hellip;]","og_url":"https:\/\/adm.org.ar\/newsite\/cuidados-y-consideraciones\/","og_site_name":"ADM Argentina","article_publisher":"https:\/\/www.facebook.com\/adm.argentina","article_modified_time":"2023-08-08T21:16:08+00:00","twitter_card":"summary_large_image","twitter_misc":{"Tiempo de lectura":"5 minutos"},"schema":{"@context":"https:\/\/schema.org","@graph":[{"@type":"WebPage","@id":"https:\/\/adm.org.ar\/newsite\/cuidados-y-consideraciones\/","url":"https:\/\/adm.org.ar\/newsite\/cuidados-y-consideraciones\/","name":"Cuidados y consideraciones - ADM Argentina","isPartOf":{"@id":"https:\/\/adm.org.ar\/newsite\/#website"},"datePublished":"2023-08-08T21:15:17+00:00","dateModified":"2023-08-08T21:16:08+00:00","breadcrumb":{"@id":"https:\/\/adm.org.ar\/newsite\/cuidados-y-consideraciones\/#breadcrumb"},"inLanguage":"es-AR","potentialAction":[{"@type":"ReadAction","target":["https:\/\/adm.org.ar\/newsite\/cuidados-y-consideraciones\/"]}]},{"@type":"BreadcrumbList","@id":"https:\/\/adm.org.ar\/newsite\/cuidados-y-consideraciones\/#breadcrumb","itemListElement":[{"@type":"ListItem","position":1,"name":"Inicio","item":"https:\/\/adm.org.ar\/newsite\/"},{"@type":"ListItem","position":2,"name":"Cuidados y consideraciones"}]},{"@type":"WebSite","@id":"https:\/\/adm.org.ar\/newsite\/#website","url":"https:\/\/adm.org.ar\/newsite\/","name":"ADM Argentina","description":"ADM Argentina","publisher":{"@id":"https:\/\/adm.org.ar\/newsite\/#organization"},"potentialAction":[{"@type":"SearchAction","target":{"@type":"EntryPoint","urlTemplate":"https:\/\/adm.org.ar\/newsite\/?s={search_term_string}"},"query-input":{"@type":"PropertyValueSpecification","valueRequired":true,"valueName":"search_term_string"}}],"inLanguage":"es-AR"},{"@type":"Organization","@id":"https:\/\/adm.org.ar\/newsite\/#organization","name":"ADM Argentina","url":"https:\/\/adm.org.ar\/newsite\/","logo":{"@type":"ImageObject","inLanguage":"es-AR","@id":"https:\/\/adm.org.ar\/newsite\/#\/schema\/logo\/image\/","url":"https:\/\/adm.org.ar\/newsite\/wp-content\/uploads\/2023\/08\/ADM_Logo_2021.png","contentUrl":"https:\/\/adm.org.ar\/newsite\/wp-content\/uploads\/2023\/08\/ADM_Logo_2021.png","width":882,"height":340,"caption":"ADM Argentina"},"image":{"@id":"https:\/\/adm.org.ar\/newsite\/#\/schema\/logo\/image\/"},"sameAs":["https:\/\/www.facebook.com\/adm.argentina","https:\/\/www.youtube.com\/user\/admargentina","https:\/\/www.instagram.com\/asociacion.distrofia.muscular"]}]}},"_links":{"self":[{"href":"https:\/\/adm.org.ar\/newsite\/wp-json\/wp\/v2\/pages\/150","targetHints":{"allow":["GET"]}}],"collection":[{"href":"https:\/\/adm.org.ar\/newsite\/wp-json\/wp\/v2\/pages"}],"about":[{"href":"https:\/\/adm.org.ar\/newsite\/wp-json\/wp\/v2\/types\/page"}],"author":[{"embeddable":true,"href":"https:\/\/adm.org.ar\/newsite\/wp-json\/wp\/v2\/users\/2"}],"replies":[{"embeddable":true,"href":"https:\/\/adm.org.ar\/newsite\/wp-json\/wp\/v2\/comments?post=150"}],"version-history":[{"count":4,"href":"https:\/\/adm.org.ar\/newsite\/wp-json\/wp\/v2\/pages\/150\/revisions"}],"predecessor-version":[{"id":154,"href":"https:\/\/adm.org.ar\/newsite\/wp-json\/wp\/v2\/pages\/150\/revisions\/154"}],"wp:attachment":[{"href":"https:\/\/adm.org.ar\/newsite\/wp-json\/wp\/v2\/media?parent=150"}],"curies":[{"name":"wp","href":"https:\/\/api.w.org\/{rel}","templated":true}]}}